{"id":981,"date":"2024-02-28T09:58:47","date_gmt":"2024-02-28T07:58:47","guid":{"rendered":"https:\/\/evavaljaots.com\/?page_id=981"},"modified":"2024-03-29T21:19:45","modified_gmt":"2024-03-29T19:19:45","slug":"muusika","status":"publish","type":"page","link":"https:\/\/evavaljaots.com\/en\/muusika\/","title":{"rendered":"MUSIC"},"content":{"rendered":"<div data-elementor-type=\"wp-page\" data-elementor-id=\"981\" class=\"elementor elementor-981\">\n\t\t\t\t<div class=\"elementor-element elementor-element-9b05c86 e-flex e-con-boxed e-con e-parent\" data-id=\"9b05c86\" data-element_type=\"container\" data-e-type=\"container\">\n\t\t\t\t\t<div class=\"e-con-inner\">\n\t\t\t\t<div class=\"elementor-element elementor-element-3774134 elementor-widget elementor-widget-heading\" data-id=\"3774134\" data-element_type=\"widget\" data-e-type=\"widget\" data-widget_type=\"heading.default\">\n\t\t\t\t<div class=\"elementor-widget-container\">\n\t\t\t\t\t<h2 class=\"elementor-heading-title elementor-size-default\">MUSIC<\/h2>\t\t\t\t<\/div>\n\t\t\t\t<\/div>\n\t\t\t\t<div class=\"elementor-element elementor-element-525a88f elementor-widget-divider--view-line elementor-widget elementor-widget-divider\" data-id=\"525a88f\" data-element_type=\"widget\" data-e-type=\"widget\" data-widget_type=\"divider.default\">\n\t\t\t\t<div class=\"elementor-widget-container\">\n\t\t\t\t\t\t\t<div class=\"elementor-divider\">\n\t\t\t<span class=\"elementor-divider-separator\">\n\t\t\t\t\t\t<\/span>\n\t\t<\/div>\n\t\t\t\t\t\t<\/div>\n\t\t\t\t<\/div>\n\t\t\t\t\t<\/div>\n\t\t\t\t<\/div>\n\t\t<div class=\"elementor-element elementor-element-b72d5b4 e-flex e-con-boxed e-con e-parent\" data-id=\"b72d5b4\" data-element_type=\"container\" data-e-type=\"container\">\n\t\t\t\t\t<div class=\"e-con-inner\">\n\t\t\t\t<div class=\"elementor-element elementor-element-5ccdc8d elementor-widget elementor-widget-heading\" data-id=\"5ccdc8d\" data-element_type=\"widget\" data-e-type=\"widget\" data-widget_type=\"heading.default\">\n\t\t\t\t<div class=\"elementor-widget-container\">\n\t\t\t\t\t<h2 class=\"elementor-heading-title elementor-size-default\">Solo album<\/h2>\t\t\t\t<\/div>\n\t\t\t\t<\/div>\n\t\t\t\t<div class=\"elementor-element elementor-element-522c369 elementor-widget-divider--view-line elementor-widget elementor-widget-divider\" data-id=\"522c369\" data-element_type=\"widget\" data-e-type=\"widget\" data-widget_type=\"divider.default\">\n\t\t\t\t<div class=\"elementor-widget-container\">\n\t\t\t\t\t\t\t<div class=\"elementor-divider\">\n\t\t\t<span class=\"elementor-divider-separator\">\n\t\t\t\t\t\t<\/span>\n\t\t<\/div>\n\t\t\t\t\t\t<\/div>\n\t\t\t\t<\/div>\n\t\t\t\t\t<\/div>\n\t\t\t\t<\/div>\n\t\t<div class=\"elementor-element elementor-element-2429e07 e-flex e-con-boxed e-con e-parent\" data-id=\"2429e07\" data-element_type=\"container\" data-e-type=\"container\">\n\t\t\t\t\t<div class=\"e-con-inner\">\n\t\t<div class=\"elementor-element elementor-element-9363f27 e-con-full plaadikaaned e-flex e-con e-child\" data-id=\"9363f27\" data-element_type=\"container\" data-e-type=\"container\">\n\t\t<div class=\"elementor-element elementor-element-626c930 e-con-full plaadicover e-flex e-con e-child\" data-id=\"626c930\" data-element_type=\"container\" data-e-type=\"container\" data-settings=\"{&quot;background_background&quot;:&quot;classic&quot;}\">\n\t\t\t\t<\/div>\n\t\t\t\t<div class=\"elementor-element elementor-element-db17265 elementor-widget elementor-widget-text-editor\" data-id=\"db17265\" data-element_type=\"widget\" data-e-type=\"widget\" data-widget_type=\"text-editor.default\">\n\t\t\t\t<div class=\"elementor-widget-container\">\n\t\t\t\t\t\t\t\t\t<p class=\"translation-block\"><i>Hundinuia\u00f5is * Bulrush Bloom<\/i> is the debut solo album of Eva V\u00e4ljaots \u2013 an Estonian kannel player with a distinctive style. It consists of her self-penned music, which she performs on several kannels and hiiu kannel\/jouhikko. The music on the album is accompanied by Eva\u2019s illustrations, which are published in the album booklet and follow the adventures of a bulrush bloom \u2013 a little and vigorous character who travels around the world.<\/p>\t\t\t\t\t\t\t\t<\/div>\n\t\t\t\t<\/div>\n\t\t\t\t<div class=\"elementor-element elementor-element-66fbdd4 elementor-align-left elementor-widget elementor-widget-button\" data-id=\"66fbdd4\" data-element_type=\"widget\" data-e-type=\"widget\" data-widget_type=\"button.default\">\n\t\t\t\t<div class=\"elementor-widget-container\">\n\t\t\t\t\t\t\t\t\t<div class=\"elementor-button-wrapper\">\n\t\t\t\t\t<a class=\"elementor-button elementor-button-link elementor-size-sm\" href=\"https:\/\/evavaljaots.bandcamp.com\/album\/hundinuia-is-bulrush-bloom\" target=\"_blank\">\n\t\t\t\t\t\t<span class=\"elementor-button-content-wrapper\">\n\t\t\t\t\t\t\t\t\t<span class=\"elementor-button-text\">Buy here<\/span>\n\t\t\t\t\t<\/span>\n\t\t\t\t\t<\/a>\n\t\t\t\t<\/div>\n\t\t\t\t\t\t\t\t<\/div>\n\t\t\t\t<\/div>\n\t\t\t\t<\/div>\n\t\t<div class=\"elementor-element elementor-element-252c1de e-con-full e-flex e-con e-child\" data-id=\"252c1de\" data-element_type=\"container\" data-e-type=\"container\">\n\t\t\t\t<div class=\"elementor-element elementor-element-e417ea6 elementor-widget elementor-widget-html\" data-id=\"e417ea6\" data-element_type=\"widget\" data-e-type=\"widget\" data-widget_type=\"html.default\">\n\t\t\t\t<div class=\"elementor-widget-container\">\n\t\t\t\t\t<iframe style=\"border-radius:12px\" src=\"https:\/\/open.spotify.com\/embed\/album\/31WI2EQOMxKTAoQEivoJso?utm_source=generator&theme=0\" width=\"100%\" height=\"732\" frameborder=\"0\" allowfullscreen=\"\" allow=\"autoplay; clipboard-write; encrypted-media; fullscreen; picture-in-picture\" loading=\"lazy\"><\/iframe>\t\t\t\t<\/div>\n\t\t\t\t<\/div>\n\t\t\t\t<\/div>\n\t\t\t\t\t<\/div>\n\t\t\t\t<\/div>\n\t\t<div class=\"elementor-element elementor-element-8bbea03 e-flex e-con-boxed e-con e-parent\" data-id=\"8bbea03\" data-element_type=\"container\" data-e-type=\"container\">\n\t\t\t\t\t<div class=\"e-con-inner\">\n\t\t\t\t<div class=\"elementor-element elementor-element-8bb0830 elementor-widget elementor-widget-heading\" data-id=\"8bb0830\" data-element_type=\"widget\" data-e-type=\"widget\" data-widget_type=\"heading.default\">\n\t\t\t\t<div class=\"elementor-widget-container\">\n\t\t\t\t\t<h2 class=\"elementor-heading-title elementor-size-default\">Videos<\/h2>\t\t\t\t<\/div>\n\t\t\t\t<\/div>\n\t\t\t\t<div class=\"elementor-element elementor-element-0c9aa56 elementor-widget-divider--view-line elementor-widget elementor-widget-divider\" data-id=\"0c9aa56\" data-element_type=\"widget\" data-e-type=\"widget\" data-widget_type=\"divider.default\">\n\t\t\t\t<div class=\"elementor-widget-container\">\n\t\t\t\t\t\t\t<div class=\"elementor-divider\">\n\t\t\t<span class=\"elementor-divider-separator\">\n\t\t\t\t\t\t<\/span>\n\t\t<\/div>\n\t\t\t\t\t\t<\/div>\n\t\t\t\t<\/div>\n\t\t\t\t\t<\/div>\n\t\t\t\t<\/div>\n\t\t<div class=\"elementor-element elementor-element-a28d7c5 e-flex e-con-boxed e-con e-parent\" data-id=\"a28d7c5\" data-element_type=\"container\" data-e-type=\"container\">\n\t\t\t\t\t<div class=\"e-con-inner\">\n\t\t<div class=\"elementor-element elementor-element-05a9b41 e-con-full e-flex e-con e-child\" data-id=\"05a9b41\" data-element_type=\"container\" data-e-type=\"container\">\n\t\t\t\t<div class=\"elementor-element elementor-element-93028e3 elementor-widget elementor-widget-heading\" data-id=\"93028e3\" data-element_type=\"widget\" data-e-type=\"widget\" data-widget_type=\"heading.default\">\n\t\t\t\t<div class=\"elementor-widget-container\">\n\t\t\t\t\t<h2 class=\"elementor-heading-title elementor-size-default translation-block\"><span style=\"font-style: italic\">Bulrush Bloom<\/span> concert trailer<\/h2>\t\t\t\t<\/div>\n\t\t\t\t<\/div>\n\t\t\t\t<div class=\"elementor-element elementor-element-2639bf9 elementor-widget elementor-widget-video\" data-id=\"2639bf9\" data-element_type=\"widget\" data-e-type=\"widget\" data-settings=\"{&quot;youtube_url&quot;:&quot;https:\\\/\\\/youtu.be\\\/ztChbnitA1g&quot;,&quot;video_type&quot;:&quot;youtube&quot;,&quot;controls&quot;:&quot;yes&quot;}\" data-widget_type=\"video.default\">\n\t\t\t\t<div class=\"elementor-widget-container\">\n\t\t\t\t\t\t\t<div class=\"elementor-wrapper elementor-open-inline\">\n\t\t\t<div class=\"elementor-video\"><\/div>\t\t<\/div>\n\t\t\t\t\t\t<\/div>\n\t\t\t\t<\/div>\n\t\t\t\t<div class=\"elementor-element elementor-element-3252fa7 elementor-widget elementor-widget-heading\" data-id=\"3252fa7\" data-element_type=\"widget\" data-e-type=\"widget\" data-widget_type=\"heading.default\">\n\t\t\t\t<div class=\"elementor-widget-container\">\n\t\t\t\t\t<h2 class=\"elementor-heading-title elementor-size-default\">Sofar Live concert in Tallinn<\/h2>\t\t\t\t<\/div>\n\t\t\t\t<\/div>\n\t\t\t\t<div class=\"elementor-element elementor-element-c604812 elementor-widget elementor-widget-video\" data-id=\"c604812\" data-element_type=\"widget\" data-e-type=\"widget\" data-settings=\"{&quot;youtube_url&quot;:&quot;https:\\\/\\\/youtu.be\\\/yKix0n8crbk?si=b9GOeAWKpL2ie92l&quot;,&quot;video_type&quot;:&quot;youtube&quot;,&quot;controls&quot;:&quot;yes&quot;}\" data-widget_type=\"video.default\">\n\t\t\t\t<div class=\"elementor-widget-container\">\n\t\t\t\t\t\t\t<div class=\"elementor-wrapper elementor-open-inline\">\n\t\t\t<div class=\"elementor-video\"><\/div>\t\t<\/div>\n\t\t\t\t\t\t<\/div>\n\t\t\t\t<\/div>\n\t\t\t\t<div class=\"elementor-element elementor-element-82ad6d8 elementor-widget elementor-widget-heading\" data-id=\"82ad6d8\" data-element_type=\"widget\" data-e-type=\"widget\" data-widget_type=\"heading.default\">\n\t\t\t\t<div class=\"elementor-widget-container\">\n\t\t\t\t\t<h2 class=\"elementor-heading-title elementor-size-default\">Video introducing the small kannel<\/h2>\t\t\t\t<\/div>\n\t\t\t\t<\/div>\n\t\t\t\t<div class=\"elementor-element elementor-element-cd7ba47 elementor-widget elementor-widget-video\" data-id=\"cd7ba47\" data-element_type=\"widget\" data-e-type=\"widget\" data-settings=\"{&quot;youtube_url&quot;:&quot;https:\\\/\\\/youtu.be\\\/rfpmsMFw2wY?si=gcRDX-Zpcbeh6h42&quot;,&quot;video_type&quot;:&quot;youtube&quot;,&quot;controls&quot;:&quot;yes&quot;}\" data-widget_type=\"video.default\">\n\t\t\t\t<div class=\"elementor-widget-container\">\n\t\t\t\t\t\t\t<div class=\"elementor-wrapper elementor-open-inline\">\n\t\t\t<div class=\"elementor-video\"><\/div>\t\t<\/div>\n\t\t\t\t\t\t<\/div>\n\t\t\t\t<\/div>\n\t\t\t\t<\/div>\n\t\t<div class=\"elementor-element elementor-element-302ad53 e-con-full e-flex e-con e-child\" data-id=\"302ad53\" data-element_type=\"container\" data-e-type=\"container\">\n\t\t\t\t<div class=\"elementor-element elementor-element-9734f76 elementor-widget elementor-widget-heading\" data-id=\"9734f76\" data-element_type=\"widget\" data-e-type=\"widget\" data-widget_type=\"heading.default\">\n\t\t\t\t<div class=\"elementor-widget-container\">\n\t\t\t\t\t<h2 class=\"elementor-heading-title elementor-size-default translation-block\"><span style=\"font-style: italic\">Bulrush Bloom<\/span> single music video<\/h2>\t\t\t\t<\/div>\n\t\t\t\t<\/div>\n\t\t\t\t<div class=\"elementor-element elementor-element-537d0cc elementor-widget elementor-widget-video\" data-id=\"537d0cc\" data-element_type=\"widget\" data-e-type=\"widget\" data-settings=\"{&quot;youtube_url&quot;:&quot;https:\\\/\\\/youtu.be\\\/sYHM5zcg-Y8?si=BD1DOyv9uCuovN9z&quot;,&quot;video_type&quot;:&quot;youtube&quot;,&quot;controls&quot;:&quot;yes&quot;}\" data-widget_type=\"video.default\">\n\t\t\t\t<div class=\"elementor-widget-container\">\n\t\t\t\t\t\t\t<div class=\"elementor-wrapper elementor-open-inline\">\n\t\t\t<div class=\"elementor-video\"><\/div>\t\t<\/div>\n\t\t\t\t\t\t<\/div>\n\t\t\t\t<\/div>\n\t\t\t\t<div class=\"elementor-element elementor-element-b9f4fb3 elementor-widget elementor-widget-heading\" data-id=\"b9f4fb3\" data-element_type=\"widget\" data-e-type=\"widget\" data-widget_type=\"heading.default\">\n\t\t\t\t<div class=\"elementor-widget-container\">\n\t\t\t\t\t<h2 class=\"elementor-heading-title elementor-size-default\">Concert at Kaustinen Folk Music Festival<\/h2>\t\t\t\t<\/div>\n\t\t\t\t<\/div>\n\t\t\t\t<div class=\"elementor-element elementor-element-5dc55a6 elementor-widget elementor-widget-video\" data-id=\"5dc55a6\" data-element_type=\"widget\" data-e-type=\"widget\" data-settings=\"{&quot;youtube_url&quot;:&quot;https:\\\/\\\/youtu.be\\\/iDt8Lwth5Jo?si=-wEqK-mNYCmXQMid&quot;,&quot;video_type&quot;:&quot;youtube&quot;,&quot;controls&quot;:&quot;yes&quot;}\" data-widget_type=\"video.default\">\n\t\t\t\t<div class=\"elementor-widget-container\">\n\t\t\t\t\t\t\t<div class=\"elementor-wrapper elementor-open-inline\">\n\t\t\t<div class=\"elementor-video\"><\/div>\t\t<\/div>\n\t\t\t\t\t\t<\/div>\n\t\t\t\t<\/div>\n\t\t\t\t<\/div>\n\t\t\t\t\t<\/div>\n\t\t\t\t<\/div>\n\t\t\t\t<\/div>","protected":false},"excerpt":{"rendered":"<p>MUUSIKA Sooloalbum Hundinuia\u00f5is * Bulrush Bloom on isikup\u00e4rase helikeelega kandlem\u00e4ngija Eva V\u00e4ljaotsa esimene sooloalbum. Sellel k\u00f5lab tema enda loodud muusika, mida ta esitab erinevatel v\u00e4ikekanneldel ja hiiu kandlel. Albumi muusikat saadavad Eva enda loodud illustratsioonid, mis on avaldatud kaasas olevas bukletis ning jutustavad \u00fche hundinuia\u00f5ie, v\u00e4ikese ja vapra maailmar\u00e4nduri, seiklustest. Osta siit Videod Hundinuia\u00f5is kontserdi [&hellip;]<\/p>\n","protected":false},"author":1,"featured_media":0,"parent":0,"menu_order":0,"comment_status":"closed","ping_status":"closed","template":"","meta":{"site-sidebar-layout":"no-sidebar","site-content-layout":"page-builder","ast-site-content-layout":"full-width-container","site-content-style":"default","site-sidebar-style":"default","ast-global-header-display":"","ast-banner-title-visibility":"","ast-main-header-display":"","ast-hfb-above-header-display":"","ast-hfb-below-header-display":"","ast-hfb-mobile-header-display":"","site-post-title":"disabled","ast-breadcrumbs-content":"","ast-featured-img":"disabled","footer-sml-layout":"","ast-disable-related-posts":"","theme-transparent-header-meta":"default","adv-header-id-meta":"","stick-header-meta":"","header-above-stick-meta":"","header-main-stick-meta":"","header-below-stick-meta":"","astra-migrate-meta-layouts":"set","ast-page-background-enabled":"default","ast-page-background-meta":{"desktop":{"background-color":"","background-image":"","background-repeat":"repeat","background-position":"center center","background-size":"auto","background-attachment":"scroll","background-type":"","background-media":"","overlay-type":"","overlay-color":"","overlay-opacity":"","overlay-gradient":""},"tablet":{"background-color":"","background-image":"","background-repeat":"repeat","background-position":"center center","background-size":"auto","background-attachment":"scroll","background-type":"","background-media":"","overlay-type":"","overlay-color":"","overlay-opacity":"","overlay-gradient":""},"mobile":{"background-color":"","background-image":"","background-repeat":"repeat","background-position":"center center","background-size":"auto","background-attachment":"scroll","background-type":"","background-media":"","overlay-type":"","overlay-color":"","overlay-opacity":"","overlay-gradient":""}},"ast-content-background-meta":{"desktop":{"background-color":"var(--ast-global-color-5)","background-image":"","background-repeat":"repeat","background-position":"center center","background-size":"auto","background-attachment":"scroll","background-type":"","background-media":"","overlay-type":"","overlay-color":"","overlay-opacity":"","overlay-gradient":""},"tablet":{"background-color":"var(--ast-global-color-5)","background-image":"","background-repeat":"repeat","background-position":"center center","background-size":"auto","background-attachment":"scroll","background-type":"","background-media":"","overlay-type":"","overlay-color":"","overlay-opacity":"","overlay-gradient":""},"mobile":{"background-color":"var(--ast-global-color-5)","background-image":"","background-repeat":"repeat","background-position":"center center","background-size":"auto","background-attachment":"scroll","background-type":"","background-media":"","overlay-type":"","overlay-color":"","overlay-opacity":"","overlay-gradient":""}},"footnotes":""},"class_list":["post-981","page","type-page","status-publish","hentry"],"yoast_head":"<!-- This site is optimized with the Yoast SEO plugin v27.4 - https:\/\/yoast.com\/product\/yoast-seo-wordpress\/ -->\n<title>MUUSIKA - Eva V\u00e4ljaots<\/title>\n<meta name=\"robots\" content=\"index, follow, max-snippet:-1, max-image-preview:large, max-video-preview:-1\" \/>\n<link rel=\"canonical\" href=\"https:\/\/www.evavaljaots.com\/en\/muusika\/\" \/>\n<meta property=\"og:locale\" content=\"en_GB\" \/>\n<meta property=\"og:type\" content=\"article\" \/>\n<meta property=\"og:title\" content=\"MUUSIKA - Eva V\u00e4ljaots\" \/>\n<meta property=\"og:description\" content=\"MUUSIKA Sooloalbum Hundinuia\u00f5is * Bulrush Bloom on isikup\u00e4rase helikeelega kandlem\u00e4ngija Eva V\u00e4ljaotsa esimene sooloalbum. Sellel k\u00f5lab tema enda loodud muusika, mida ta esitab erinevatel v\u00e4ikekanneldel ja hiiu kandlel. Albumi muusikat saadavad Eva enda loodud illustratsioonid, mis on avaldatud kaasas olevas bukletis ning jutustavad \u00fche hundinuia\u00f5ie, v\u00e4ikese ja vapra maailmar\u00e4nduri, seiklustest. Osta siit Videod Hundinuia\u00f5is kontserdi [&hellip;]\" \/>\n<meta property=\"og:url\" content=\"https:\/\/www.evavaljaots.com\/en\/muusika\/\" \/>\n<meta property=\"og:site_name\" content=\"Eva V\u00e4ljaots\" \/>\n<meta property=\"article:publisher\" content=\"https:\/\/www.facebook.com\/evavaljaotsmusic\" \/>\n<meta property=\"article:modified_time\" content=\"2024-03-29T19:19:45+00:00\" \/>\n<meta name=\"twitter:card\" content=\"summary_large_image\" \/>\n<meta name=\"twitter:label1\" content=\"Estimated reading time\" \/>\n\t<meta name=\"twitter:data1\" content=\"1 minute\" \/>\n<script type=\"application\/ld+json\" class=\"yoast-schema-graph\">{\"@context\":\"https:\\\/\\\/schema.org\",\"@graph\":[{\"@type\":\"WebPage\",\"@id\":\"https:\\\/\\\/www.evavaljaots.com\\\/en\\\/muusika\\\/\",\"url\":\"https:\\\/\\\/www.evavaljaots.com\\\/en\\\/muusika\\\/\",\"name\":\"MUUSIKA - Eva V\u00e4ljaots\",\"isPartOf\":{\"@id\":\"https:\\\/\\\/evavaljaots.com\\\/#website\"},\"datePublished\":\"2024-02-28T07:58:47+00:00\",\"dateModified\":\"2024-03-29T19:19:45+00:00\",\"breadcrumb\":{\"@id\":\"https:\\\/\\\/www.evavaljaots.com\\\/en\\\/muusika\\\/#breadcrumb\"},\"inLanguage\":\"en-GB\",\"potentialAction\":[{\"@type\":\"ReadAction\",\"target\":[\"https:\\\/\\\/www.evavaljaots.com\\\/en\\\/muusika\\\/\"]}]},{\"@type\":\"BreadcrumbList\",\"@id\":\"https:\\\/\\\/www.evavaljaots.com\\\/en\\\/muusika\\\/#breadcrumb\",\"itemListElement\":[{\"@type\":\"ListItem\",\"position\":1,\"name\":\"Home\",\"item\":\"https:\\\/\\\/evavaljaots.com\\\/\"},{\"@type\":\"ListItem\",\"position\":2,\"name\":\"MUUSIKA\"}]},{\"@type\":\"WebSite\",\"@id\":\"https:\\\/\\\/evavaljaots.com\\\/#website\",\"url\":\"https:\\\/\\\/evavaljaots.com\\\/\",\"name\":\"Eva V\u00e4ljaots\",\"description\":\"Kannel player\",\"publisher\":{\"@id\":\"https:\\\/\\\/evavaljaots.com\\\/#organization\"},\"potentialAction\":[{\"@type\":\"SearchAction\",\"target\":{\"@type\":\"EntryPoint\",\"urlTemplate\":\"https:\\\/\\\/evavaljaots.com\\\/?s={search_term_string}\"},\"query-input\":{\"@type\":\"PropertyValueSpecification\",\"valueRequired\":true,\"valueName\":\"search_term_string\"}}],\"inLanguage\":\"en-GB\"},{\"@type\":\"Organization\",\"@id\":\"https:\\\/\\\/evavaljaots.com\\\/#organization\",\"name\":\"Eva V\u00e4ljaots - kandlem\u00e4ngija\",\"url\":\"https:\\\/\\\/evavaljaots.com\\\/\",\"logo\":{\"@type\":\"ImageObject\",\"inLanguage\":\"en-GB\",\"@id\":\"https:\\\/\\\/evavaljaots.com\\\/#\\\/schema\\\/logo\\\/image\\\/\",\"url\":\"https:\\\/\\\/evavaljaots.com\\\/wp-content\\\/uploads\\\/2024\\\/03\\\/Veebilehe-logo.png\",\"contentUrl\":\"https:\\\/\\\/evavaljaots.com\\\/wp-content\\\/uploads\\\/2024\\\/03\\\/Veebilehe-logo.png\",\"width\":3751,\"height\":2813,\"caption\":\"Eva V\u00e4ljaots - kandlem\u00e4ngija\"},\"image\":{\"@id\":\"https:\\\/\\\/evavaljaots.com\\\/#\\\/schema\\\/logo\\\/image\\\/\"},\"sameAs\":[\"https:\\\/\\\/www.facebook.com\\\/evavaljaotsmusic\"]}]}<\/script>\n<!-- \/ Yoast SEO plugin. -->","yoast_head_json":{"title":"MUUSIKA - Eva V\u00e4ljaots","robots":{"index":"index","follow":"follow","max-snippet":"max-snippet:-1","max-image-preview":"max-image-preview:large","max-video-preview":"max-video-preview:-1"},"canonical":"https:\/\/www.evavaljaots.com\/en\/muusika\/","og_locale":"en_GB","og_type":"article","og_title":"MUUSIKA - Eva V\u00e4ljaots","og_description":"MUUSIKA Sooloalbum Hundinuia\u00f5is * Bulrush Bloom on isikup\u00e4rase helikeelega kandlem\u00e4ngija Eva V\u00e4ljaotsa esimene sooloalbum. Sellel k\u00f5lab tema enda loodud muusika, mida ta esitab erinevatel v\u00e4ikekanneldel ja hiiu kandlel. Albumi muusikat saadavad Eva enda loodud illustratsioonid, mis on avaldatud kaasas olevas bukletis ning jutustavad \u00fche hundinuia\u00f5ie, v\u00e4ikese ja vapra maailmar\u00e4nduri, seiklustest. Osta siit Videod Hundinuia\u00f5is kontserdi [&hellip;]","og_url":"https:\/\/www.evavaljaots.com\/en\/muusika\/","og_site_name":"Eva V\u00e4ljaots","article_publisher":"https:\/\/www.facebook.com\/evavaljaotsmusic","article_modified_time":"2024-03-29T19:19:45+00:00","twitter_card":"summary_large_image","twitter_misc":{"Estimated reading time":"1 minute"},"schema":{"@context":"https:\/\/schema.org","@graph":[{"@type":"WebPage","@id":"https:\/\/www.evavaljaots.com\/en\/muusika\/","url":"https:\/\/www.evavaljaots.com\/en\/muusika\/","name":"MUUSIKA - Eva V\u00e4ljaots","isPartOf":{"@id":"https:\/\/evavaljaots.com\/#website"},"datePublished":"2024-02-28T07:58:47+00:00","dateModified":"2024-03-29T19:19:45+00:00","breadcrumb":{"@id":"https:\/\/www.evavaljaots.com\/en\/muusika\/#breadcrumb"},"inLanguage":"en-GB","potentialAction":[{"@type":"ReadAction","target":["https:\/\/www.evavaljaots.com\/en\/muusika\/"]}]},{"@type":"BreadcrumbList","@id":"https:\/\/www.evavaljaots.com\/en\/muusika\/#breadcrumb","itemListElement":[{"@type":"ListItem","position":1,"name":"Home","item":"https:\/\/evavaljaots.com\/"},{"@type":"ListItem","position":2,"name":"MUUSIKA"}]},{"@type":"WebSite","@id":"https:\/\/evavaljaots.com\/#website","url":"https:\/\/evavaljaots.com\/","name":"Eva V\u00e4ljaots","description":"Kannel player","publisher":{"@id":"https:\/\/evavaljaots.com\/#organization"},"potentialAction":[{"@type":"SearchAction","target":{"@type":"EntryPoint","urlTemplate":"https:\/\/evavaljaots.com\/?s={search_term_string}"},"query-input":{"@type":"PropertyValueSpecification","valueRequired":true,"valueName":"search_term_string"}}],"inLanguage":"en-GB"},{"@type":"Organization","@id":"https:\/\/evavaljaots.com\/#organization","name":"Eva V\u00e4ljaots - kandlem\u00e4ngija","url":"https:\/\/evavaljaots.com\/","logo":{"@type":"ImageObject","inLanguage":"en-GB","@id":"https:\/\/evavaljaots.com\/#\/schema\/logo\/image\/","url":"https:\/\/evavaljaots.com\/wp-content\/uploads\/2024\/03\/Veebilehe-logo.png","contentUrl":"https:\/\/evavaljaots.com\/wp-content\/uploads\/2024\/03\/Veebilehe-logo.png","width":3751,"height":2813,"caption":"Eva V\u00e4ljaots - kandlem\u00e4ngija"},"image":{"@id":"https:\/\/evavaljaots.com\/#\/schema\/logo\/image\/"},"sameAs":["https:\/\/www.facebook.com\/evavaljaotsmusic"]}]}},"_links":{"self":[{"href":"https:\/\/evavaljaots.com\/en\/wp-json\/wp\/v2\/pages\/981","targetHints":{"allow":["GET"]}}],"collection":[{"href":"https:\/\/evavaljaots.com\/en\/wp-json\/wp\/v2\/pages"}],"about":[{"href":"https:\/\/evavaljaots.com\/en\/wp-json\/wp\/v2\/types\/page"}],"author":[{"embeddable":true,"href":"https:\/\/evavaljaots.com\/en\/wp-json\/wp\/v2\/users\/1"}],"replies":[{"embeddable":true,"href":"https:\/\/evavaljaots.com\/en\/wp-json\/wp\/v2\/comments?post=981"}],"version-history":[{"count":5,"href":"https:\/\/evavaljaots.com\/en\/wp-json\/wp\/v2\/pages\/981\/revisions"}],"predecessor-version":[{"id":2313,"href":"https:\/\/evavaljaots.com\/en\/wp-json\/wp\/v2\/pages\/981\/revisions\/2313"}],"wp:attachment":[{"href":"https:\/\/evavaljaots.com\/en\/wp-json\/wp\/v2\/media?parent=981"}],"curies":[{"name":"wp","href":"https:\/\/api.w.org\/{rel}","templated":true}]}}