{"id":1031,"date":"2024-02-28T15:47:47","date_gmt":"2024-02-28T13:47:47","guid":{"rendered":"https:\/\/evavaljaots.com\/?page_id=1031"},"modified":"2024-08-28T20:11:20","modified_gmt":"2024-08-28T17:11:20","slug":"koostood","status":"publish","type":"page","link":"https:\/\/evavaljaots.com\/en\/koostood\/","title":{"rendered":"COLLABORATIONS"},"content":{"rendered":"<div data-elementor-type=\"wp-page\" data-elementor-id=\"1031\" class=\"elementor elementor-1031\">\n\t\t\t\t<div class=\"elementor-element elementor-element-bf023fb e-flex e-con-boxed e-con e-parent\" data-id=\"bf023fb\" data-element_type=\"container\" data-e-type=\"container\">\n\t\t\t\t\t<div class=\"e-con-inner\">\n\t\t\t\t<div class=\"elementor-element elementor-element-9406077 elementor-widget elementor-widget-heading\" data-id=\"9406077\" data-element_type=\"widget\" data-e-type=\"widget\" data-widget_type=\"heading.default\">\n\t\t\t\t<div class=\"elementor-widget-container\">\n\t\t\t\t\t<h2 class=\"elementor-heading-title elementor-size-default\">COLLABORATIONS<\/h2>\t\t\t\t<\/div>\n\t\t\t\t<\/div>\n\t\t\t\t<div class=\"elementor-element elementor-element-df14093 elementor-widget-divider--view-line elementor-widget elementor-widget-divider\" data-id=\"df14093\" data-element_type=\"widget\" data-e-type=\"widget\" data-widget_type=\"divider.default\">\n\t\t\t\t<div class=\"elementor-widget-container\">\n\t\t\t\t\t\t\t<div class=\"elementor-divider\">\n\t\t\t<span class=\"elementor-divider-separator\">\n\t\t\t\t\t\t<\/span>\n\t\t<\/div>\n\t\t\t\t\t\t<\/div>\n\t\t\t\t<\/div>\n\t\t\t\t\t<\/div>\n\t\t\t\t<\/div>\n\t\t<div class=\"elementor-element elementor-element-6a5666d e-flex e-con-boxed e-con e-parent\" data-id=\"6a5666d\" data-element_type=\"container\" data-e-type=\"container\">\n\t\t\t\t\t<div class=\"e-con-inner\">\n\t\t\t\t<div class=\"elementor-element elementor-element-1d916bc elementor-widget elementor-widget-heading\" data-id=\"1d916bc\" data-element_type=\"widget\" data-e-type=\"widget\" data-widget_type=\"heading.default\">\n\t\t\t\t<div class=\"elementor-widget-container\">\n\t\t\t\t\t<h2 class=\"elementor-heading-title elementor-size-default\">Eva V\u00e4ljaots &amp; Robbie Sherratt<\/h2>\t\t\t\t<\/div>\n\t\t\t\t<\/div>\n\t\t\t\t\t<\/div>\n\t\t\t\t<\/div>\n\t\t<div class=\"elementor-element elementor-element-2eb58c5 e-flex e-con-boxed e-con e-parent\" data-id=\"2eb58c5\" data-element_type=\"container\" data-e-type=\"container\">\n\t\t\t\t\t<div class=\"e-con-inner\">\n\t\t<div class=\"elementor-element elementor-element-35d140a e-con-full e-flex e-con e-child\" data-id=\"35d140a\" data-element_type=\"container\" data-e-type=\"container\">\n\t\t\t\t<div class=\"elementor-element elementor-element-3590a88 elementor-widget elementor-widget-image\" data-id=\"3590a88\" data-element_type=\"widget\" data-e-type=\"widget\" data-widget_type=\"image.default\">\n\t\t\t\t<div class=\"elementor-widget-container\">\n\t\t\t\t\t\t\t\t\t\t\t\t\t\t\t\t<a href=\"https:\/\/evavaljaots.com\/wp-content\/uploads\/2024\/02\/Eva-Valjaots-Robbie-Sherratt20234.-Photographer-Ruudu-Rahumaru.jpg\" data-elementor-open-lightbox=\"yes\" data-elementor-lightbox-title=\"Eva V\u00e4ljaots &amp; Robbie Sherratt2023(4). Photographer Ruudu Rahumaru\" data-e-action-hash=\"#elementor-action%3Aaction%3Dlightbox%26settings%3DeyJpZCI6MTI5MSwidXJsIjoiaHR0cHM6XC9cL2V2YXZhbGphb3RzLmNvbVwvd3AtY29udGVudFwvdXBsb2Fkc1wvMjAyNFwvMDJcL0V2YS1WYWxqYW90cy1Sb2JiaWUtU2hlcnJhdHQyMDIzNC4tUGhvdG9ncmFwaGVyLVJ1dWR1LVJhaHVtYXJ1LmpwZyJ9\">\n\t\t\t\t\t\t\t<img fetchpriority=\"high\" decoding=\"async\" width=\"1000\" height=\"666\" src=\"https:\/\/evavaljaots.com\/wp-content\/uploads\/2024\/02\/Eva-Valjaots-Robbie-Sherratt20234.-Photographer-Ruudu-Rahumaru.jpg\" class=\"attachment-full size-full wp-image-1291\" alt=\"\" srcset=\"https:\/\/evavaljaots.com\/wp-content\/uploads\/2024\/02\/Eva-Valjaots-Robbie-Sherratt20234.-Photographer-Ruudu-Rahumaru.jpg 1000w, https:\/\/evavaljaots.com\/wp-content\/uploads\/2024\/02\/Eva-Valjaots-Robbie-Sherratt20234.-Photographer-Ruudu-Rahumaru-300x200.jpg 300w, https:\/\/evavaljaots.com\/wp-content\/uploads\/2024\/02\/Eva-Valjaots-Robbie-Sherratt20234.-Photographer-Ruudu-Rahumaru-768x511.jpg 768w\" sizes=\"(max-width: 1000px) 100vw, 1000px\" \/>\t\t\t\t\t\t\t\t<\/a>\n\t\t\t\t\t\t\t\t\t\t\t\t\t\t\t<\/div>\n\t\t\t\t<\/div>\n\t\t\t\t<\/div>\n\t\t<div class=\"elementor-element elementor-element-9854d63 e-con-full e-flex e-con e-child\" data-id=\"9854d63\" data-element_type=\"container\" data-e-type=\"container\">\n\t\t\t\t<div class=\"elementor-element elementor-element-b0fa238 elementor-widget elementor-widget-text-editor\" data-id=\"b0fa238\" data-element_type=\"widget\" data-e-type=\"widget\" data-widget_type=\"text-editor.default\">\n\t\t\t\t<div class=\"elementor-widget-container\">\n\t\t\t\t\t\t\t\t\t<p><strong>Eva V\u00e4ljaots &amp; Robbie Sherratt<\/strong> Eva V\u00e4ljaots &amp; Robbie Sherratt (EST\/ENG) write and perform music rooted in Estonian and English folklore. Their music, both modern and tradition-sensitive, combines kannel, fiddle, and vocals in a colourful, rich and enchanting way. Sharing an affinity for improvisation and spontaneity, the duo takes inspiration from the natural world\u2019s greatest improvisers, imitating and interpreting the soundscapes of vast marshes to tiny beetles. In December 2023 Eva V\u00e4ljaots &amp; Robbie Sherratt released their debut album <i>Skylark<\/i>. <em>Skylark<\/em>.\u00a0<\/p>\t\t\t\t\t\t\t\t<\/div>\n\t\t\t\t<\/div>\n\t\t\t\t<div class=\"elementor-element elementor-element-5bc8873 elementor-widget elementor-widget-button\" data-id=\"5bc8873\" data-element_type=\"widget\" data-e-type=\"widget\" data-widget_type=\"button.default\">\n\t\t\t\t<div class=\"elementor-widget-container\">\n\t\t\t\t\t\t\t\t\t<div class=\"elementor-button-wrapper\">\n\t\t\t\t\t<a class=\"elementor-button elementor-button-link elementor-size-sm\" href=\"https:\/\/evavaljaots.robbiesherratt.com\/\" target=\"_blank\">\n\t\t\t\t\t\t<span class=\"elementor-button-content-wrapper\">\n\t\t\t\t\t\t\t\t\t<span class=\"elementor-button-text\">Eva V\u00e4ljaots &amp; Robbie Sherratt<\/span>\n\t\t\t\t\t<\/span>\n\t\t\t\t\t<\/a>\n\t\t\t\t<\/div>\n\t\t\t\t\t\t\t\t<\/div>\n\t\t\t\t<\/div>\n\t\t\t\t<div class=\"elementor-element elementor-element-81b4e3a elementor-grid-mobile-0 e-grid-align-mobile-center e-grid-align-left elementor-shape-rounded elementor-grid-0 elementor-widget elementor-widget-social-icons\" data-id=\"81b4e3a\" data-element_type=\"widget\" data-e-type=\"widget\" data-widget_type=\"social-icons.default\">\n\t\t\t\t<div class=\"elementor-widget-container\">\n\t\t\t\t\t\t\t<div class=\"elementor-social-icons-wrapper elementor-grid\" role=\"list\">\n\t\t\t\t\t\t\t<span class=\"elementor-grid-item\" role=\"listitem\">\n\t\t\t\t\t<a class=\"elementor-icon elementor-social-icon elementor-social-icon-facebook elementor-repeater-item-98920bb\" href=\"https:\/\/www.facebook.com\/evavaljaots.robbiesherratt\" target=\"_blank\">\n\t\t\t\t\t\t<span class=\"elementor-screen-only\">Facebook<\/span>\n\t\t\t\t\t\t<i aria-hidden=\"true\" class=\"fab fa-facebook\"><\/i>\t\t\t\t\t<\/a>\n\t\t\t\t<\/span>\n\t\t\t\t\t\t\t<span class=\"elementor-grid-item\" role=\"listitem\">\n\t\t\t\t\t<a class=\"elementor-icon elementor-social-icon elementor-social-icon-instagram elementor-repeater-item-58a44e7\" href=\"https:\/\/www.instagram.com\/evavaljaots.robbiesherratt\" target=\"_blank\">\n\t\t\t\t\t\t<span class=\"elementor-screen-only\">Instagram<\/span>\n\t\t\t\t\t\t<i aria-hidden=\"true\" class=\"fab fa-instagram\"><\/i>\t\t\t\t\t<\/a>\n\t\t\t\t<\/span>\n\t\t\t\t\t\t\t<span class=\"elementor-grid-item\" role=\"listitem\">\n\t\t\t\t\t<a class=\"elementor-icon elementor-social-icon elementor-social-icon-youtube elementor-repeater-item-69efbe9\" href=\"https:\/\/www.youtube.com\/@evavaljaots.robbiesherratt\" target=\"_blank\">\n\t\t\t\t\t\t<span class=\"elementor-screen-only\">Youtube<\/span>\n\t\t\t\t\t\t<i aria-hidden=\"true\" class=\"fab fa-youtube\"><\/i>\t\t\t\t\t<\/a>\n\t\t\t\t<\/span>\n\t\t\t\t\t<\/div>\n\t\t\t\t\t\t<\/div>\n\t\t\t\t<\/div>\n\t\t\t\t<\/div>\n\t\t\t\t\t<\/div>\n\t\t\t\t<\/div>\n\t\t<div class=\"elementor-element elementor-element-a6b574a e-flex e-con-boxed e-con e-parent\" data-id=\"a6b574a\" data-element_type=\"container\" data-e-type=\"container\">\n\t\t\t\t\t<div class=\"e-con-inner\">\n\t\t\t\t<div class=\"elementor-element elementor-element-f3242bc elementor-widget elementor-widget-heading\" data-id=\"f3242bc\" data-element_type=\"widget\" data-e-type=\"widget\" data-widget_type=\"heading.default\">\n\t\t\t\t<div class=\"elementor-widget-container\">\n\t\t\t\t\t<h2 class=\"elementor-heading-title elementor-size-default\">Varisp\u00e4iv\u00e4trio<\/h2>\t\t\t\t<\/div>\n\t\t\t\t<\/div>\n\t\t\t\t\t<\/div>\n\t\t\t\t<\/div>\n\t\t<div class=\"elementor-element elementor-element-dfc8247 e-flex e-con-boxed e-con e-parent\" data-id=\"dfc8247\" data-element_type=\"container\" data-e-type=\"container\">\n\t\t\t\t\t<div class=\"e-con-inner\">\n\t\t<div class=\"elementor-element elementor-element-770cc88 e-con-full e-flex e-con e-child\" data-id=\"770cc88\" data-element_type=\"container\" data-e-type=\"container\">\n\t\t\t\t<div class=\"elementor-element elementor-element-5c47fab elementor-widget elementor-widget-image\" data-id=\"5c47fab\" data-element_type=\"widget\" data-e-type=\"widget\" data-widget_type=\"image.default\">\n\t\t\t\t<div class=\"elementor-widget-container\">\n\t\t\t\t\t\t\t\t\t\t\t\t\t\t\t\t<a href=\"https:\/\/evavaljaots.com\/wp-content\/uploads\/2024\/02\/Varispaivatrio.-Photo-by-Jorma-Airola.jpg\" data-elementor-open-lightbox=\"yes\" data-elementor-lightbox-title=\"Varisp\u00e4iv\u00e4trio. Photo by Jorma Airola\" data-e-action-hash=\"#elementor-action%3Aaction%3Dlightbox%26settings%3DeyJpZCI6MTI5MiwidXJsIjoiaHR0cHM6XC9cL2V2YXZhbGphb3RzLmNvbVwvd3AtY29udGVudFwvdXBsb2Fkc1wvMjAyNFwvMDJcL1ZhcmlzcGFpdmF0cmlvLi1QaG90by1ieS1Kb3JtYS1BaXJvbGEuanBnIn0%3D\">\n\t\t\t\t\t\t\t<img decoding=\"async\" width=\"1000\" height=\"667\" src=\"https:\/\/evavaljaots.com\/wp-content\/uploads\/2024\/02\/Varispaivatrio.-Photo-by-Jorma-Airola.jpg\" class=\"attachment-full size-full wp-image-1292\" alt=\"\" srcset=\"https:\/\/evavaljaots.com\/wp-content\/uploads\/2024\/02\/Varispaivatrio.-Photo-by-Jorma-Airola.jpg 1000w, https:\/\/evavaljaots.com\/wp-content\/uploads\/2024\/02\/Varispaivatrio.-Photo-by-Jorma-Airola-300x200.jpg 300w, https:\/\/evavaljaots.com\/wp-content\/uploads\/2024\/02\/Varispaivatrio.-Photo-by-Jorma-Airola-768x512.jpg 768w\" sizes=\"(max-width: 1000px) 100vw, 1000px\" \/>\t\t\t\t\t\t\t\t<\/a>\n\t\t\t\t\t\t\t\t\t\t\t\t\t\t\t<\/div>\n\t\t\t\t<\/div>\n\t\t\t\t<\/div>\n\t\t<div class=\"elementor-element elementor-element-a93358f e-con-full e-flex e-con e-child\" data-id=\"a93358f\" data-element_type=\"container\" data-e-type=\"container\">\n\t\t\t\t<div class=\"elementor-element elementor-element-843eacf elementor-widget elementor-widget-text-editor\" data-id=\"843eacf\" data-element_type=\"widget\" data-e-type=\"widget\" data-widget_type=\"text-editor.default\">\n\t\t\t\t<div class=\"elementor-widget-container\">\n\t\t\t\t\t\t\t\t\t<p><strong>Varisp\u00e4iv\u00e4trios<\/strong> musitseerivad kolm kandlem\u00e4ngijat, keda \u00fchendab vaimustus handi ja mansi muusikatraditsiooni vastu. Eva V\u00e4ljaots (EST), Jenni Ven\u00e4l\u00e4inen (FIN) ja Timo V\u00e4\u00e4n\u00e4nen (FIN) m\u00e4ngivad trios v\u00e4ikekandlele sarnanevatel pillidel nars-juh\/sangvyltap. Nende repertuaaris on lisaks handi ja mansi lugudele ka muusikute enda loomingut ja improvisatsiooni, mis on inspireeritud traditsioonilistest meloodiatest, r\u00fctmidest ja helikeelest. Ansambli nimi viitab soome keeles hantide ja manside rahvakalendris tuntud varesep\u00e4evale, millega t\u00e4histatakse vareste saabumist ja kevade algust. Varisp\u00e4iv\u00e4trio on v\u00f5lutud selle soome-ugri rahvaste hulgas h\u00e4sti tuntud linnu uudishimulikust ja m\u00e4ngulisest loomusest.\u00a0<\/p>\t\t\t\t\t\t\t\t<\/div>\n\t\t\t\t<\/div>\n\t\t\t\t<div class=\"elementor-element elementor-element-0dfda64 elementor-grid-mobile-0 e-grid-align-mobile-center e-grid-align-left elementor-shape-rounded elementor-grid-0 elementor-widget elementor-widget-social-icons\" data-id=\"0dfda64\" data-element_type=\"widget\" data-e-type=\"widget\" data-widget_type=\"social-icons.default\">\n\t\t\t\t<div class=\"elementor-widget-container\">\n\t\t\t\t\t\t\t<div class=\"elementor-social-icons-wrapper elementor-grid\" role=\"list\">\n\t\t\t\t\t\t\t<span class=\"elementor-grid-item\" role=\"listitem\">\n\t\t\t\t\t<a class=\"elementor-icon elementor-social-icon elementor-social-icon-facebook elementor-repeater-item-98920bb\" href=\"https:\/\/www.facebook.com\/Varispaivatrio\" target=\"_blank\">\n\t\t\t\t\t\t<span class=\"elementor-screen-only\">Facebook<\/span>\n\t\t\t\t\t\t<i aria-hidden=\"true\" class=\"fab fa-facebook\"><\/i>\t\t\t\t\t<\/a>\n\t\t\t\t<\/span>\n\t\t\t\t\t\t\t<span class=\"elementor-grid-item\" role=\"listitem\">\n\t\t\t\t\t<a class=\"elementor-icon elementor-social-icon elementor-social-icon-instagram elementor-repeater-item-58a44e7\" href=\"https:\/\/www.instagram.com\/varispaivatrio3\" target=\"_blank\">\n\t\t\t\t\t\t<span class=\"elementor-screen-only\">Instagram<\/span>\n\t\t\t\t\t\t<i aria-hidden=\"true\" class=\"fab fa-instagram\"><\/i>\t\t\t\t\t<\/a>\n\t\t\t\t<\/span>\n\t\t\t\t\t<\/div>\n\t\t\t\t\t\t<\/div>\n\t\t\t\t<\/div>\n\t\t\t\t<\/div>\n\t\t\t\t\t<\/div>\n\t\t\t\t<\/div>\n\t\t\t\t<\/div>","protected":false},"excerpt":{"rendered":"<p>KOOST\u00d6\u00d6D Eva V\u00e4ljaots &#038; Robbie Sherratt Eva V\u00e4ljaots &amp; Robbie Sherratt (EST\/ENG) loovad muusikat, mille juured ulatuvad nii eesti kui ka inglise p\u00e4rimusse. P\u00f5imides traditsioone ja omaloomingut, loovad kannel, viiul ja laul k\u00f5lav\u00e4rviderikka ning v\u00f5luva terviku. Loodushelisid interpreteerides ja j\u00e4ljendades lennutavad nad kuulaja r\u00e4nnakule l\u00f5pututest rabadest v\u00e4ikeste mardikateni.\u00a0Detsembris 2023 andsid Eva V\u00e4ljaots &amp; Robbie Sherratt [&hellip;]<\/p>\n","protected":false},"author":1,"featured_media":0,"parent":0,"menu_order":0,"comment_status":"closed","ping_status":"closed","template":"","meta":{"site-sidebar-layout":"no-sidebar","site-content-layout":"page-builder","ast-site-content-layout":"full-width-container","site-content-style":"default","site-sidebar-style":"default","ast-global-header-display":"","ast-banner-title-visibility":"","ast-main-header-display":"","ast-hfb-above-header-display":"","ast-hfb-below-header-display":"","ast-hfb-mobile-header-display":"","site-post-title":"disabled","ast-breadcrumbs-content":"","ast-featured-img":"disabled","footer-sml-layout":"","ast-disable-related-posts":"","theme-transparent-header-meta":"default","adv-header-id-meta":"","stick-header-meta":"","header-above-stick-meta":"","header-main-stick-meta":"","header-below-stick-meta":"","astra-migrate-meta-layouts":"set","ast-page-background-enabled":"default","ast-page-background-meta":{"desktop":{"background-color":"","background-image":"","background-repeat":"repeat","background-position":"center center","background-size":"auto","background-attachment":"scroll","background-type":"","background-media":"","overlay-type":"","overlay-color":"","overlay-opacity":"","overlay-gradient":""},"tablet":{"background-color":"","background-image":"","background-repeat":"repeat","background-position":"center center","background-size":"auto","background-attachment":"scroll","background-type":"","background-media":"","overlay-type":"","overlay-color":"","overlay-opacity":"","overlay-gradient":""},"mobile":{"background-color":"","background-image":"","background-repeat":"repeat","background-position":"center center","background-size":"auto","background-attachment":"scroll","background-type":"","background-media":"","overlay-type":"","overlay-color":"","overlay-opacity":"","overlay-gradient":""}},"ast-content-background-meta":{"desktop":{"background-color":"var(--ast-global-color-5)","background-image":"","background-repeat":"repeat","background-position":"center center","background-size":"auto","background-attachment":"scroll","background-type":"","background-media":"","overlay-type":"","overlay-color":"","overlay-opacity":"","overlay-gradient":""},"tablet":{"background-color":"var(--ast-global-color-5)","background-image":"","background-repeat":"repeat","background-position":"center center","background-size":"auto","background-attachment":"scroll","background-type":"","background-media":"","overlay-type":"","overlay-color":"","overlay-opacity":"","overlay-gradient":""},"mobile":{"background-color":"var(--ast-global-color-5)","background-image":"","background-repeat":"repeat","background-position":"center center","background-size":"auto","background-attachment":"scroll","background-type":"","background-media":"","overlay-type":"","overlay-color":"","overlay-opacity":"","overlay-gradient":""}},"footnotes":""},"class_list":["post-1031","page","type-page","status-publish","hentry"],"yoast_head":"<!-- This site is optimized with the Yoast SEO plugin v27.3 - https:\/\/yoast.com\/product\/yoast-seo-wordpress\/ -->\n<title>KOOST\u00d6\u00d6D - Eva V\u00e4ljaots<\/title>\n<meta name=\"robots\" content=\"index, follow, max-snippet:-1, max-image-preview:large, max-video-preview:-1\" \/>\n<link rel=\"canonical\" href=\"https:\/\/evavaljaots.com\/en\/koostood\/\" \/>\n<meta property=\"og:locale\" content=\"en_GB\" \/>\n<meta property=\"og:type\" content=\"article\" \/>\n<meta property=\"og:title\" content=\"KOOST\u00d6\u00d6D - Eva V\u00e4ljaots\" \/>\n<meta property=\"og:description\" content=\"KOOST\u00d6\u00d6D Eva V\u00e4ljaots &#038; Robbie Sherratt Eva V\u00e4ljaots &amp; Robbie Sherratt (EST\/ENG) loovad muusikat, mille juured ulatuvad nii eesti kui ka inglise p\u00e4rimusse. P\u00f5imides traditsioone ja omaloomingut, loovad kannel, viiul ja laul k\u00f5lav\u00e4rviderikka ning v\u00f5luva terviku. Loodushelisid interpreteerides ja j\u00e4ljendades lennutavad nad kuulaja r\u00e4nnakule l\u00f5pututest rabadest v\u00e4ikeste mardikateni.\u00a0Detsembris 2023 andsid Eva V\u00e4ljaots &amp; Robbie Sherratt [&hellip;]\" \/>\n<meta property=\"og:url\" content=\"https:\/\/evavaljaots.com\/en\/koostood\/\" \/>\n<meta property=\"og:site_name\" content=\"Eva V\u00e4ljaots\" \/>\n<meta property=\"article:publisher\" content=\"https:\/\/www.facebook.com\/evavaljaotsmusic\" \/>\n<meta property=\"article:modified_time\" content=\"2024-08-28T17:11:20+00:00\" \/>\n<meta property=\"og:image\" content=\"https:\/\/evavaljaots.com\/wp-content\/uploads\/2024\/02\/Eva-Valjaots-Robbie-Sherratt20234.-Photographer-Ruudu-Rahumaru.jpg\" \/>\n<meta name=\"twitter:card\" content=\"summary_large_image\" \/>\n<meta name=\"twitter:label1\" content=\"Estimated reading time\" \/>\n\t<meta name=\"twitter:data1\" content=\"2 minutes\" \/>\n<script type=\"application\/ld+json\" class=\"yoast-schema-graph\">{\"@context\":\"https:\\\/\\\/schema.org\",\"@graph\":[{\"@type\":\"WebPage\",\"@id\":\"https:\\\/\\\/evavaljaots.com\\\/koostood\\\/\",\"url\":\"https:\\\/\\\/evavaljaots.com\\\/koostood\\\/\",\"name\":\"KOOST\u00d6\u00d6D - Eva V\u00e4ljaots\",\"isPartOf\":{\"@id\":\"https:\\\/\\\/evavaljaots.com\\\/#website\"},\"primaryImageOfPage\":{\"@id\":\"https:\\\/\\\/evavaljaots.com\\\/koostood\\\/#primaryimage\"},\"image\":{\"@id\":\"https:\\\/\\\/evavaljaots.com\\\/koostood\\\/#primaryimage\"},\"thumbnailUrl\":\"https:\\\/\\\/evavaljaots.com\\\/wp-content\\\/uploads\\\/2024\\\/02\\\/Eva-Valjaots-Robbie-Sherratt20234.-Photographer-Ruudu-Rahumaru.jpg\",\"datePublished\":\"2024-02-28T13:47:47+00:00\",\"dateModified\":\"2024-08-28T17:11:20+00:00\",\"breadcrumb\":{\"@id\":\"https:\\\/\\\/evavaljaots.com\\\/koostood\\\/#breadcrumb\"},\"inLanguage\":\"en-GB\",\"potentialAction\":[{\"@type\":\"ReadAction\",\"target\":[\"https:\\\/\\\/evavaljaots.com\\\/koostood\\\/\"]}]},{\"@type\":\"ImageObject\",\"inLanguage\":\"en-GB\",\"@id\":\"https:\\\/\\\/evavaljaots.com\\\/koostood\\\/#primaryimage\",\"url\":\"https:\\\/\\\/evavaljaots.com\\\/wp-content\\\/uploads\\\/2024\\\/02\\\/Eva-Valjaots-Robbie-Sherratt20234.-Photographer-Ruudu-Rahumaru.jpg\",\"contentUrl\":\"https:\\\/\\\/evavaljaots.com\\\/wp-content\\\/uploads\\\/2024\\\/02\\\/Eva-Valjaots-Robbie-Sherratt20234.-Photographer-Ruudu-Rahumaru.jpg\"},{\"@type\":\"BreadcrumbList\",\"@id\":\"https:\\\/\\\/evavaljaots.com\\\/koostood\\\/#breadcrumb\",\"itemListElement\":[{\"@type\":\"ListItem\",\"position\":1,\"name\":\"Home\",\"item\":\"https:\\\/\\\/evavaljaots.com\\\/\"},{\"@type\":\"ListItem\",\"position\":2,\"name\":\"KOOST\u00d6\u00d6D\"}]},{\"@type\":\"WebSite\",\"@id\":\"https:\\\/\\\/evavaljaots.com\\\/#website\",\"url\":\"https:\\\/\\\/evavaljaots.com\\\/\",\"name\":\"Eva V\u00e4ljaots\",\"description\":\"Kannel player\",\"publisher\":{\"@id\":\"https:\\\/\\\/evavaljaots.com\\\/#organization\"},\"potentialAction\":[{\"@type\":\"SearchAction\",\"target\":{\"@type\":\"EntryPoint\",\"urlTemplate\":\"https:\\\/\\\/evavaljaots.com\\\/?s={search_term_string}\"},\"query-input\":{\"@type\":\"PropertyValueSpecification\",\"valueRequired\":true,\"valueName\":\"search_term_string\"}}],\"inLanguage\":\"en-GB\"},{\"@type\":\"Organization\",\"@id\":\"https:\\\/\\\/evavaljaots.com\\\/#organization\",\"name\":\"Eva V\u00e4ljaots - kandlem\u00e4ngija\",\"url\":\"https:\\\/\\\/evavaljaots.com\\\/\",\"logo\":{\"@type\":\"ImageObject\",\"inLanguage\":\"en-GB\",\"@id\":\"https:\\\/\\\/evavaljaots.com\\\/#\\\/schema\\\/logo\\\/image\\\/\",\"url\":\"https:\\\/\\\/evavaljaots.com\\\/wp-content\\\/uploads\\\/2024\\\/03\\\/Veebilehe-logo.png\",\"contentUrl\":\"https:\\\/\\\/evavaljaots.com\\\/wp-content\\\/uploads\\\/2024\\\/03\\\/Veebilehe-logo.png\",\"width\":3751,\"height\":2813,\"caption\":\"Eva V\u00e4ljaots - kandlem\u00e4ngija\"},\"image\":{\"@id\":\"https:\\\/\\\/evavaljaots.com\\\/#\\\/schema\\\/logo\\\/image\\\/\"},\"sameAs\":[\"https:\\\/\\\/www.facebook.com\\\/evavaljaotsmusic\"]}]}<\/script>\n<!-- \/ Yoast SEO plugin. -->","yoast_head_json":{"title":"KOOST\u00d6\u00d6D - Eva V\u00e4ljaots","robots":{"index":"index","follow":"follow","max-snippet":"max-snippet:-1","max-image-preview":"max-image-preview:large","max-video-preview":"max-video-preview:-1"},"canonical":"https:\/\/evavaljaots.com\/en\/koostood\/","og_locale":"en_GB","og_type":"article","og_title":"KOOST\u00d6\u00d6D - Eva V\u00e4ljaots","og_description":"KOOST\u00d6\u00d6D Eva V\u00e4ljaots &#038; Robbie Sherratt Eva V\u00e4ljaots &amp; Robbie Sherratt (EST\/ENG) loovad muusikat, mille juured ulatuvad nii eesti kui ka inglise p\u00e4rimusse. P\u00f5imides traditsioone ja omaloomingut, loovad kannel, viiul ja laul k\u00f5lav\u00e4rviderikka ning v\u00f5luva terviku. Loodushelisid interpreteerides ja j\u00e4ljendades lennutavad nad kuulaja r\u00e4nnakule l\u00f5pututest rabadest v\u00e4ikeste mardikateni.\u00a0Detsembris 2023 andsid Eva V\u00e4ljaots &amp; Robbie Sherratt [&hellip;]","og_url":"https:\/\/evavaljaots.com\/en\/koostood\/","og_site_name":"Eva V\u00e4ljaots","article_publisher":"https:\/\/www.facebook.com\/evavaljaotsmusic","article_modified_time":"2024-08-28T17:11:20+00:00","og_image":[{"url":"https:\/\/evavaljaots.com\/wp-content\/uploads\/2024\/02\/Eva-Valjaots-Robbie-Sherratt20234.-Photographer-Ruudu-Rahumaru.jpg","type":"","width":"","height":""}],"twitter_card":"summary_large_image","twitter_misc":{"Estimated reading time":"2 minutes"},"schema":{"@context":"https:\/\/schema.org","@graph":[{"@type":"WebPage","@id":"https:\/\/evavaljaots.com\/koostood\/","url":"https:\/\/evavaljaots.com\/koostood\/","name":"KOOST\u00d6\u00d6D - Eva V\u00e4ljaots","isPartOf":{"@id":"https:\/\/evavaljaots.com\/#website"},"primaryImageOfPage":{"@id":"https:\/\/evavaljaots.com\/koostood\/#primaryimage"},"image":{"@id":"https:\/\/evavaljaots.com\/koostood\/#primaryimage"},"thumbnailUrl":"https:\/\/evavaljaots.com\/wp-content\/uploads\/2024\/02\/Eva-Valjaots-Robbie-Sherratt20234.-Photographer-Ruudu-Rahumaru.jpg","datePublished":"2024-02-28T13:47:47+00:00","dateModified":"2024-08-28T17:11:20+00:00","breadcrumb":{"@id":"https:\/\/evavaljaots.com\/koostood\/#breadcrumb"},"inLanguage":"en-GB","potentialAction":[{"@type":"ReadAction","target":["https:\/\/evavaljaots.com\/koostood\/"]}]},{"@type":"ImageObject","inLanguage":"en-GB","@id":"https:\/\/evavaljaots.com\/koostood\/#primaryimage","url":"https:\/\/evavaljaots.com\/wp-content\/uploads\/2024\/02\/Eva-Valjaots-Robbie-Sherratt20234.-Photographer-Ruudu-Rahumaru.jpg","contentUrl":"https:\/\/evavaljaots.com\/wp-content\/uploads\/2024\/02\/Eva-Valjaots-Robbie-Sherratt20234.-Photographer-Ruudu-Rahumaru.jpg"},{"@type":"BreadcrumbList","@id":"https:\/\/evavaljaots.com\/koostood\/#breadcrumb","itemListElement":[{"@type":"ListItem","position":1,"name":"Home","item":"https:\/\/evavaljaots.com\/"},{"@type":"ListItem","position":2,"name":"KOOST\u00d6\u00d6D"}]},{"@type":"WebSite","@id":"https:\/\/evavaljaots.com\/#website","url":"https:\/\/evavaljaots.com\/","name":"Eva V\u00e4ljaots","description":"Kannel player","publisher":{"@id":"https:\/\/evavaljaots.com\/#organization"},"potentialAction":[{"@type":"SearchAction","target":{"@type":"EntryPoint","urlTemplate":"https:\/\/evavaljaots.com\/?s={search_term_string}"},"query-input":{"@type":"PropertyValueSpecification","valueRequired":true,"valueName":"search_term_string"}}],"inLanguage":"en-GB"},{"@type":"Organization","@id":"https:\/\/evavaljaots.com\/#organization","name":"Eva V\u00e4ljaots - kandlem\u00e4ngija","url":"https:\/\/evavaljaots.com\/","logo":{"@type":"ImageObject","inLanguage":"en-GB","@id":"https:\/\/evavaljaots.com\/#\/schema\/logo\/image\/","url":"https:\/\/evavaljaots.com\/wp-content\/uploads\/2024\/03\/Veebilehe-logo.png","contentUrl":"https:\/\/evavaljaots.com\/wp-content\/uploads\/2024\/03\/Veebilehe-logo.png","width":3751,"height":2813,"caption":"Eva V\u00e4ljaots - kandlem\u00e4ngija"},"image":{"@id":"https:\/\/evavaljaots.com\/#\/schema\/logo\/image\/"},"sameAs":["https:\/\/www.facebook.com\/evavaljaotsmusic"]}]}},"_links":{"self":[{"href":"https:\/\/evavaljaots.com\/en\/wp-json\/wp\/v2\/pages\/1031","targetHints":{"allow":["GET"]}}],"collection":[{"href":"https:\/\/evavaljaots.com\/en\/wp-json\/wp\/v2\/pages"}],"about":[{"href":"https:\/\/evavaljaots.com\/en\/wp-json\/wp\/v2\/types\/page"}],"author":[{"embeddable":true,"href":"https:\/\/evavaljaots.com\/en\/wp-json\/wp\/v2\/users\/1"}],"replies":[{"embeddable":true,"href":"https:\/\/evavaljaots.com\/en\/wp-json\/wp\/v2\/comments?post=1031"}],"version-history":[{"count":5,"href":"https:\/\/evavaljaots.com\/en\/wp-json\/wp\/v2\/pages\/1031\/revisions"}],"predecessor-version":[{"id":2434,"href":"https:\/\/evavaljaots.com\/en\/wp-json\/wp\/v2\/pages\/1031\/revisions\/2434"}],"wp:attachment":[{"href":"https:\/\/evavaljaots.com\/en\/wp-json\/wp\/v2\/media?parent=1031"}],"curies":[{"name":"wp","href":"https:\/\/api.w.org\/{rel}","templated":true}]}}